{"id":4427,"date":"2017-10-25T15:04:50","date_gmt":"2017-10-25T13:04:50","guid":{"rendered":"http:\/\/www.spiridon-club-oberlahn.de\/?page_id=4427"},"modified":"2017-10-25T15:17:15","modified_gmt":"2017-10-25T13:17:15","slug":"training","status":"publish","type":"page","link":"http:\/\/www.spiridon-club-oberlahn.de\/?page_id=4427","title":{"rendered":"Training"},"content":{"rendered":"<p>Hier finden Sie alle Informationen \u00fcber Trainingszeiten, -orte und -leiter.<\/p>\n<p>Sie m\u00f6chten&#8230;<\/p>\n<ul style=\"list-style-type: disc;\">\n<li>&#8230; Informationen \u00fcber die\u00a0<strong>Trainingszeiten und Trainingsorte<\/strong> erhalten, dann klicken Sie\u00a0<a href=\"http:\/\/www.spiridon-club-oberlahn.de\/?page_id=54\">hier.<\/a><\/li>\n<li>&#8230; Informationen \u00fcber die <strong>Trainingsleiter<\/strong> erhalten, dann klicken Sie\u00a0<a href=\"http:\/\/www.spiridon-club-oberlahn.de\/?page_id=56\">hier.<\/a><\/li>\n<\/ul>\n","protected":false},"excerpt":{"rendered":"<p>Hier finden Sie alle Informationen \u00fcber Trainingszeiten, -orte und -leiter. Sie m\u00f6chten&#8230; &#8230; Informationen \u00fcber die\u00a0Trainingszeiten und Trainingsorte erhalten, dann klicken Sie\u00a0hier. &#8230; Informationen \u00fcber die Trainingsleiter erhalten, dann klicken &hellip; <a href=\"http:\/\/www.spiridon-club-oberlahn.de\/?page_id=4427\" class=\"more-link\"><span class=\"screen-reader-text\">Training<\/span> weiterlesen <span class=\"meta-nav\">&rarr;<\/span><\/a><\/p>\n","protected":false},"author":10,"featured_media":0,"parent":24,"menu_order":4,"comment_status":"closed","ping_status":"closed","template":"","meta":[],"_links":{"self":[{"href":"http:\/\/www.spiridon-club-oberlahn.de\/index.php?rest_route=\/wp\/v2\/pages\/4427"}],"collection":[{"href":"http:\/\/www.spiridon-club-oberlahn.de\/index.php?rest_route=\/wp\/v2\/pages"}],"about":[{"href":"http:\/\/www.spiridon-club-oberlahn.de\/index.php?rest_route=\/wp\/v2\/types\/page"}],"author":[{"embeddable":true,"href":"http:\/\/www.spiridon-club-oberlahn.de\/index.php?rest_route=\/wp\/v2\/users\/10"}],"replies":[{"embeddable":true,"href":"http:\/\/www.spiridon-club-oberlahn.de\/index.php?rest_route=%2Fwp%2Fv2%2Fcomments&post=4427"}],"version-history":[{"count":4,"href":"http:\/\/www.spiridon-club-oberlahn.de\/index.php?rest_route=\/wp\/v2\/pages\/4427\/revisions"}],"predecessor-version":[{"id":4436,"href":"http:\/\/www.spiridon-club-oberlahn.de\/index.php?rest_route=\/wp\/v2\/pages\/4427\/revisions\/4436"}],"up":[{"embeddable":true,"href":"http:\/\/www.spiridon-club-oberlahn.de\/index.php?rest_route=\/wp\/v2\/pages\/24"}],"wp:attachment":[{"href":"http:\/\/www.spiridon-club-oberlahn.de\/index.php?rest_route=%2Fwp%2Fv2%2Fmedia&parent=4427"}],"curies":[{"name":"wp","href":"https:\/\/api.w.org\/{rel}","templated":true}]}}