{"id":6204,"date":"2026-01-21T15:30:32","date_gmt":"2026-01-21T14:30:32","guid":{"rendered":"http:\/\/www.spiridon-club-oberlahn.de\/?page_id=6204"},"modified":"2026-01-21T15:30:33","modified_gmt":"2026-01-21T14:30:33","slug":"veranstaltungskalender","status":"publish","type":"page","link":"http:\/\/www.spiridon-club-oberlahn.de\/?page_id=6204","title":{"rendered":"Veranstaltungskalender"},"content":{"rendered":"\n<p>7.2. Winterlaufserie (1) Frickhofen <br \/>21.2. Winterlaufserie (2) Langendernbach <br \/>28.2. Lahntallauf<br \/>7.3. Winterlaufserie (3) Wilsenroth<br \/>8.3. Fr\u00fchjahrslauf Gie\u00dfen <br \/>21.3. Stra\u00dfenlauf Brechen (KM Halbmarathon)<br \/>19.4. SCO Halbmarathon <br \/>26.4.Traillauf Villmar<br \/>22.5. Gie\u00dfen Frauenlauf <br \/>30.5. Berglauf Greifenstein <br \/>21.6. Apfellauf Laubuseschbach ( Kostenfrei f\u00fcr Mitglieder)<br \/>27.6. Taunus Trail Run Eisenbach<br \/>30.8. Lahnparklauf<br \/>18.9. Stundenlauf Mengerskirchen <br \/>26.9. Schelder Berglauf<br \/>25.10. Frankfurt Marathon <br \/>28.11. Dorflauf Villmar ( KM 10 km)<br \/>29.11. Adventslauf Gie\u00dfen <br \/>31.12. Silvesterlauf Gie\u00dfen<\/p>\n\n\n","protected":false},"excerpt":{"rendered":"<p>7.2. Winterlaufserie (1) Frickhofen 21.2. Winterlaufserie (2) Langendernbach 28.2. Lahntallauf7.3. Winterlaufserie (3) Wilsenroth8.3. Fr\u00fchjahrslauf Gie\u00dfen 21.3. Stra\u00dfenlauf Brechen (KM Halbmarathon)19.4. SCO Halbmarathon 26.4.Traillauf Villmar22.5. Gie\u00dfen Frauenlauf 30.5. Berglauf Greifenstein 21.6. &hellip; <a href=\"http:\/\/www.spiridon-club-oberlahn.de\/?page_id=6204\" class=\"more-link\"><span class=\"screen-reader-text\">Veranstaltungskalender<\/span> weiterlesen <span class=\"meta-nav\">&rarr;<\/span><\/a><\/p>\n","protected":false},"author":12,"featured_media":0,"parent":0,"menu_order":0,"comment_status":"closed","ping_status":"closed","template":"","meta":[],"_links":{"self":[{"href":"http:\/\/www.spiridon-club-oberlahn.de\/index.php?rest_route=\/wp\/v2\/pages\/6204"}],"collection":[{"href":"http:\/\/www.spiridon-club-oberlahn.de\/index.php?rest_route=\/wp\/v2\/pages"}],"about":[{"href":"http:\/\/www.spiridon-club-oberlahn.de\/index.php?rest_route=\/wp\/v2\/types\/page"}],"author":[{"embeddable":true,"href":"http:\/\/www.spiridon-club-oberlahn.de\/index.php?rest_route=\/wp\/v2\/users\/12"}],"replies":[{"embeddable":true,"href":"http:\/\/www.spiridon-club-oberlahn.de\/index.php?rest_route=%2Fwp%2Fv2%2Fcomments&post=6204"}],"version-history":[{"count":1,"href":"http:\/\/www.spiridon-club-oberlahn.de\/index.php?rest_route=\/wp\/v2\/pages\/6204\/revisions"}],"predecessor-version":[{"id":6205,"href":"http:\/\/www.spiridon-club-oberlahn.de\/index.php?rest_route=\/wp\/v2\/pages\/6204\/revisions\/6205"}],"wp:attachment":[{"href":"http:\/\/www.spiridon-club-oberlahn.de\/index.php?rest_route=%2Fwp%2Fv2%2Fmedia&parent=6204"}],"curies":[{"name":"wp","href":"https:\/\/api.w.org\/{rel}","templated":true}]}}